{"id":998,"date":"2017-09-13T11:20:12","date_gmt":"2017-09-13T08:20:12","guid":{"rendered":"http:\/\/jaasudet.fi\/?page_id=998"},"modified":"2023-10-19T10:28:37","modified_gmt":"2023-10-19T07:28:37","slug":"etusivu","status":"publish","type":"page","link":"https:\/\/jaasudet.fi\/","title":{"rendered":"Etusivu"},"content":{"rendered":"<div id=\"pl-998\"  class=\"panel-layout\" ><div id=\"pg-998-0\"  class=\"panel-grid panel-no-style\" ><div id=\"pgc-998-0-0\"  class=\"panel-grid-cell\" ><div id=\"panel-998-0-0-0\" class=\"so-panel widget widget_sow-image panel-first-child\" data-index=\"0\" ><div\n\t\t\t\n\t\t\tclass=\"so-widget-sow-image so-widget-sow-image-default-c67d20f9f743-998\"\n\t\t\t\n\t\t>\n<div class=\"sow-image-container\">\n\t\t<img \n\tsrc=\"https:\/\/jaasudet.fi\/wp-content\/uploads\/2017\/09\/Ajankohtaista.jpg\" width=\"343\" height=\"34\" srcset=\"https:\/\/jaasudet.fi\/wp-content\/uploads\/2017\/09\/Ajankohtaista.jpg 343w, https:\/\/jaasudet.fi\/wp-content\/uploads\/2017\/09\/Ajankohtaista-300x30.jpg 300w, https:\/\/jaasudet.fi\/wp-content\/uploads\/2017\/09\/Ajankohtaista-128x13.jpg 128w, https:\/\/jaasudet.fi\/wp-content\/uploads\/2017\/09\/Ajankohtaista-32x3.jpg 32w\" sizes=\"(max-width: 343px) 100vw, 343px\" alt=\"\" \t\tclass=\"so-widget-image\"\/>\n\t<\/div>\n\n<\/div><\/div><div id=\"panel-998-0-0-1\" class=\"so-panel widget widget_recent-posts-widget-with-thumbnails recent-posts-widget-with-thumbnails panel-last-child\" data-index=\"1\" >\n<div id=\"rpwwt-widget-0-0-1\" class=\"rpwwt-widget\">\r\n\t<ul>\r\n\t\t<li><a href=\"https:\/\/jaasudet.fi\/?p=3342\"><img loading=\"lazy\" decoding=\"async\" width=\"75\" height=\"69\" src=\"https:\/\/jaasudet.fi\/wp-content\/uploads\/2025\/10\/Luistelukoulu-2025-2026-150x138.jpg\" class=\"attachment-75x90 size-75x90\" alt=\"\" srcset=\"https:\/\/jaasudet.fi\/wp-content\/uploads\/2025\/10\/Luistelukoulu-2025-2026-150x138.jpg 150w, https:\/\/jaasudet.fi\/wp-content\/uploads\/2025\/10\/Luistelukoulu-2025-2026-300x275.jpg 300w, https:\/\/jaasudet.fi\/wp-content\/uploads\/2025\/10\/Luistelukoulu-2025-2026-1024x939.jpg 1024w, https:\/\/jaasudet.fi\/wp-content\/uploads\/2025\/10\/Luistelukoulu-2025-2026-768x704.jpg 768w, https:\/\/jaasudet.fi\/wp-content\/uploads\/2025\/10\/Luistelukoulu-2025-2026-128x117.jpg 128w, https:\/\/jaasudet.fi\/wp-content\/uploads\/2025\/10\/Luistelukoulu-2025-2026-32x29.jpg 32w, https:\/\/jaasudet.fi\/wp-content\/uploads\/2025\/10\/Luistelukoulu-2025-2026.jpg 1200w\" sizes=\"auto, (max-width: 75px) 100vw, 75px\" \/><span class=\"rpwwt-post-title\">Luistelu- ja kiekkokoulu alkaa 5.10.2025<\/span><\/a><div class=\"rpwwt-post-excerpt\">Nyt se alkaa&#x1f973; Nimitt\u00e4in luistelu- ja kiekkokoulu. Miss\u00e4? J\u00e4\u00e4hallilla, Urheilutie 5. Milloin? 5.10. klo 17:00-17:45. Syksyll\u00e4 reenataan 5.10.2025-16.11.2025. Kevv\u00e4\u00e4ll\u00e4 reenataan 11.1.2026-22.2.2026. &#x203c;Edelt\u00e4vin\u00e4 vuosina seurat ovat <span class=\"rpwwt-post-excerpt-more\"> [\u2026]<\/span><\/div><\/li>\r\n\t\t<li><a href=\"https:\/\/jaasudet.fi\/?p=3313\"><img decoding=\"async\" width=\"75\" height=\"90\" src=\"http:\/\/jaasudet.fi\/wp-content\/uploads\/2017\/01\/jaasudet.jpg\" class=\"attachment-75x90\" alt=\"\" loading=\"lazy\" \/><span class=\"rpwwt-post-title\">Pekka Hyv\u00e4rinen J\u00e4\u00e4susien Vuoden Tekij\u00e4!<\/span><\/a><div class=\"rpwwt-post-excerpt\">Hyv\u00e4\u00e4 alkanutta vuotta 2025 kaikille! &nbsp; Suomen J\u00e4\u00e4kiekkoliiton alueet huomioivat vuosittain seuratoimijoitaan Vuoden Tekij\u00e4 tunnustuksella. Tunnustus annetaan j\u00e4\u00e4kiekon hyv\u00e4ksi tehdyst\u00e4 ty\u00f6st\u00e4. T\u00e4n\u00e4kin vuonna tunnustuksen saa l\u00e4hes 150 <span class=\"rpwwt-post-excerpt-more\"> [\u2026]<\/span><\/div><\/li>\r\n\t\t<li><a href=\"https:\/\/jaasudet.fi\/?p=3278\"><img loading=\"lazy\" decoding=\"async\" width=\"75\" height=\"69\" src=\"https:\/\/jaasudet.fi\/wp-content\/uploads\/2024\/09\/Luistelukoulu-2024-2025-150x138.jpg\" class=\"attachment-75x90 size-75x90\" alt=\"\" srcset=\"https:\/\/jaasudet.fi\/wp-content\/uploads\/2024\/09\/Luistelukoulu-2024-2025-150x138.jpg 150w, https:\/\/jaasudet.fi\/wp-content\/uploads\/2024\/09\/Luistelukoulu-2024-2025-300x275.jpg 300w, https:\/\/jaasudet.fi\/wp-content\/uploads\/2024\/09\/Luistelukoulu-2024-2025-1024x939.jpg 1024w, https:\/\/jaasudet.fi\/wp-content\/uploads\/2024\/09\/Luistelukoulu-2024-2025-768x704.jpg 768w, https:\/\/jaasudet.fi\/wp-content\/uploads\/2024\/09\/Luistelukoulu-2024-2025-128x117.jpg 128w, https:\/\/jaasudet.fi\/wp-content\/uploads\/2024\/09\/Luistelukoulu-2024-2025-32x29.jpg 32w, https:\/\/jaasudet.fi\/wp-content\/uploads\/2024\/09\/Luistelukoulu-2024-2025.jpg 1200w\" sizes=\"auto, (max-width: 75px) 100vw, 75px\" \/><span class=\"rpwwt-post-title\">Luistelukoulu alkaa!<\/span><\/a><div class=\"rpwwt-post-excerpt\">Ryhm\u00e4ss\u00e4 tutustutaan j\u00e4\u00e4h\u00e4n, opetellaan kaatumaan ja nousemaan yl\u00f6s erilaisten leikkien kautta. Kun luistimilla on opittu pysym\u00e4\u00e4n pystyss\u00e4, tutustutaan luisteluun enemm\u00e4n leikkien parissa. T\u00e4h\u00e4n ryhm\u00e4\u00e4n tultaessa ei tarvitse viel\u00e4 osata luistella. <span class=\"rpwwt-post-excerpt-more\"> [\u2026]<\/span><\/div><\/li>\r\n\t\t<li><a href=\"https:\/\/jaasudet.fi\/?p=3259\"><img loading=\"lazy\" decoding=\"async\" width=\"75\" height=\"90\" src=\"https:\/\/jaasudet.fi\/wp-content\/uploads\/2024\/08\/U8-mainos-108x128.jpg\" class=\"attachment-75x90 size-75x90\" alt=\"\" srcset=\"https:\/\/jaasudet.fi\/wp-content\/uploads\/2024\/08\/U8-mainos-108x128.jpg 108w, https:\/\/jaasudet.fi\/wp-content\/uploads\/2024\/08\/U8-mainos-254x300.jpg 254w, https:\/\/jaasudet.fi\/wp-content\/uploads\/2024\/08\/U8-mainos-867x1024.jpg 867w, https:\/\/jaasudet.fi\/wp-content\/uploads\/2024\/08\/U8-mainos-127x150.jpg 127w, https:\/\/jaasudet.fi\/wp-content\/uploads\/2024\/08\/U8-mainos-768x907.jpg 768w, https:\/\/jaasudet.fi\/wp-content\/uploads\/2024\/08\/U8-mainos-1300x1536.jpg 1300w, https:\/\/jaasudet.fi\/wp-content\/uploads\/2024\/08\/U8-mainos-27x32.jpg 27w, https:\/\/jaasudet.fi\/wp-content\/uploads\/2024\/08\/U8-mainos.jpg 1440w\" sizes=\"auto, (max-width: 75px) 100vw, 75px\" \/><span class=\"rpwwt-post-title\">J\u00e4\u00e4sudet U8-joukkue<\/span><\/a><div class=\"rpwwt-post-excerpt\">Kausi alkaa! &nbsp; Tervetuloa 6-9-vuotiaat j\u00e4\u00e4kiekkoilun pariin! &nbsp; Alla tarkempi info. &nbsp; Ilmoitamme syyskuun aikana muista alkavista ryhmist\u00e4 Facebookissa. &nbsp;<span class=\"rpwwt-post-excerpt-more\"> [\u2026]<\/span><\/div><\/li>\r\n\t\t<li><a href=\"https:\/\/jaasudet.fi\/?p=3251\"><img decoding=\"async\" width=\"75\" height=\"90\" src=\"http:\/\/jaasudet.fi\/wp-content\/uploads\/2017\/01\/jaasudet.jpg\" class=\"attachment-75x90\" alt=\"\" loading=\"lazy\" \/><span class=\"rpwwt-post-title\">Kiteen J\u00e4\u00e4sudet Ry:n s\u00e4\u00e4nt\u00f6m\u00e4\u00e4r\u00e4inen kev\u00e4tkokous 10.4.2024<\/span><\/a><div class=\"rpwwt-post-excerpt\">Pid\u00e4mme seuran s\u00e4\u00e4nt\u00f6m\u00e4\u00e4r\u00e4isen kev\u00e4tkokouksen keskiviikkona 10.4.2023 klo 18.00 alkaen Kiteen J\u00e4\u00e4hallin kahviossa. Kokouksessa k\u00e4sitell\u00e4\u00e4n s\u00e4\u00e4nt\u00f6m\u00e4\u00e4r\u00e4iset asiat.<span class=\"rpwwt-post-excerpt-more\"> [\u2026]<\/span><\/div><\/li>\r\n\t\t<li><a href=\"https:\/\/jaasudet.fi\/?p=3246\"><img decoding=\"async\" width=\"75\" height=\"90\" src=\"http:\/\/jaasudet.fi\/wp-content\/uploads\/2017\/01\/jaasudet.jpg\" class=\"attachment-75x90\" alt=\"\" loading=\"lazy\" \/><span class=\"rpwwt-post-title\">Yleis\u00f6vuorojen 10.3.-17.3. aikataulumuutoksia!<\/span><\/a><div class=\"rpwwt-post-excerpt\">Yleis\u00f6vuoroihin on tehty muutoksia: Sunnuntai 10.3.2024 klo 12.00-13.00 yleis\u00f6, vapaa vuoro Perjantai 15.3.2024 klo 16.00-17.00 yleis\u00f6, mailavuoro Sunnuntai 17.3.2024 klo 12.00-13.00 yleis\u00f6, vapaa vuoro<span class=\"rpwwt-post-excerpt-more\"> [\u2026]<\/span><\/div><\/li>\r\n\t<\/ul>\r\n<\/div><!-- .rpwwt-widget -->\r\n<\/div><\/div><div id=\"pgc-998-0-1\"  class=\"panel-grid-cell\" ><div id=\"panel-998-0-1-0\" class=\"so-panel widget widget_sow-image panel-first-child\" data-index=\"2\" ><div\n\t\t\t\n\t\t\tclass=\"so-widget-sow-image so-widget-sow-image-default-c67d20f9f743-3246\"\n\t\t\t\n\t\t>\n<div class=\"sow-image-container\">\n\t\t<img \n\tsrc=\"https:\/\/jaasudet.fi\/wp-content\/uploads\/2017\/09\/Ajankohtaista-1.jpg\" width=\"343\" height=\"34\" srcset=\"https:\/\/jaasudet.fi\/wp-content\/uploads\/2017\/09\/Ajankohtaista-1.jpg 343w, https:\/\/jaasudet.fi\/wp-content\/uploads\/2017\/09\/Ajankohtaista-1-300x30.jpg 300w, https:\/\/jaasudet.fi\/wp-content\/uploads\/2017\/09\/Ajankohtaista-1-128x13.jpg 128w, https:\/\/jaasudet.fi\/wp-content\/uploads\/2017\/09\/Ajankohtaista-1-32x3.jpg 32w\" sizes=\"(max-width: 343px) 100vw, 343px\" title=\"Ajankohtaista\" alt=\"\" \t\tclass=\"so-widget-image\"\/>\n\t<\/div>\n\n<\/div><\/div><div class=\"sp-widget-align-none\"><div id=\"panel-998-0-1-1\" class=\"so-panel widget widget_sportspress-event-list widget_sportspress widget_sp_event_list\" data-index=\"3\"><div class=\"sp-template sp-template-event-list\">\n\t\t<div class=\"sp-table-wrapper\">\n\t\t<table class=\"sp-event-list sp-event-list-format-title sp-data-table\n\t\t\t\t\t\t\t\t\t\t\t\t\t\t\t\t\t\t\t\t sp-paginated-table\n\t\t\t\t\t\t\t\t\t\t\t\t\t\t\t\t\t\t \t\t\t sp-sortable-table\n\t\t\t\t\t\t\t\t\t\t\t\t\t\t\t\t\t\t \t\t\t\t\t\t\t\t\t\t\t\t\t sp-scrollable-table \" data-sp-rows=\"10\">\n\t\t\t<thead>\n\t\t\t\t<tr>\n\t\t\t\t\t<th class=\"data-date\">P\u00e4iv\u00e4m\u00e4\u00e4r\u00e4<\/th><th class=\"data-event\">Tapahtuma<\/th><th class=\"data-time\">Aika\/tulokset<\/th><th style=\"display:none;\" class=\"data-venue\">Paikka<\/th>\t\t\t\t<\/tr>\n\t\t\t<\/thead>\n\t\t\t<tbody>\n\t\t\t\t\t\t\t<\/tbody>\n\t\t<\/table>\n\t<\/div>\n\t<div class=\"sp-calendar-link sp-view-all-link\"><a href=\"https:\/\/jaasudet.fi\/?sp_calendar=kotiottelut-2021-2022\">N\u00e4yt\u00e4 kaikki tapahtumat<\/a><\/div><\/div>\n<\/div><\/div><div id=\"panel-998-0-1-2\" class=\"so-panel widget widget_sow-image\" data-index=\"4\" ><div\n\t\t\t\n\t\t\tclass=\"so-widget-sow-image so-widget-sow-image-default-113ccd71f3e6-3246\"\n\t\t\t\n\t\t><\/div><\/div><div id=\"panel-998-0-1-3\" class=\"so-panel widget widget_simple_facebook_page_feed_widget panel-last-child\" data-index=\"5\" ><!-- This Facebook Page Feed was generated with Simple Facebook Page Widget & Shortcode plugin v1.7.0 - https:\/\/wordpress.org\/plugins\/simple-facebook-twitter-widget\/ --><div id=\"simple-facebook-widget\" style=\"text-align:initial;\"><div class=\"fb-page\" data-href=\"https:\/\/www.facebook.com\/kiteenjaasudet\/?ref=aymt_homepage_panel\" data-width=\"500\" data-height=\"700\" data-tabs=\"timeline\" data-hide-cover=\"0\" data-show-facepile=\"0\" data-hide-cta=\"0\" data-small-header=\"0\" data-adapt-container-width=\"1\"><\/div><\/div><!-- End Simple Facebook Page Plugin (Widget) --><\/div><\/div><\/div><div id=\"pg-998-1\"  class=\"panel-grid panel-no-style\" ><div id=\"pgc-998-1-0\"  class=\"panel-grid-cell panel-grid-cell-empty\" ><\/div><div id=\"pgc-998-1-1\"  class=\"panel-grid-cell\" ><div id=\"panel-998-1-1-0\" class=\"so-panel widget widget_sow-image panel-first-child panel-last-child\" data-index=\"6\" ><div\n\t\t\t\n\t\t\tclass=\"so-widget-sow-image so-widget-sow-image-default-c67d20f9f743-3246\"\n\t\t\t\n\t\t>\n<div class=\"sow-image-container\">\n\t\t\t<a href=\"http:\/\/www.kunnioitapelia.fi\/\"\n\t\t\t\t\t>\n\t\t\t<img \n\tsrc=\"https:\/\/jaasudet.fi\/wp-content\/uploads\/2019\/09\/KuPe-JV-ilman-taustaa.png\" width=\"869\" height=\"859\" srcset=\"https:\/\/jaasudet.fi\/wp-content\/uploads\/2019\/09\/KuPe-JV-ilman-taustaa.png 869w, https:\/\/jaasudet.fi\/wp-content\/uploads\/2019\/09\/KuPe-JV-ilman-taustaa-300x297.png 300w, https:\/\/jaasudet.fi\/wp-content\/uploads\/2019\/09\/KuPe-JV-ilman-taustaa-768x759.png 768w, https:\/\/jaasudet.fi\/wp-content\/uploads\/2019\/09\/KuPe-JV-ilman-taustaa-128x128.png 128w, https:\/\/jaasudet.fi\/wp-content\/uploads\/2019\/09\/KuPe-JV-ilman-taustaa-32x32.png 32w\" sizes=\"(max-width: 869px) 100vw, 869px\" title=\"KuPe JV ilman taustaa\" alt=\"\" \t\tclass=\"so-widget-image\"\/>\n\t\t\t<\/a><\/div>\n\n<\/div><\/div><\/div><div id=\"pgc-998-1-2\"  class=\"panel-grid-cell panel-grid-cell-empty\" ><\/div><div id=\"pgc-998-1-3\"  class=\"panel-grid-cell panel-grid-cell-mobile-last\" ><div id=\"panel-998-1-3-0\" class=\"so-panel widget widget_sow-image panel-first-child panel-last-child\" data-index=\"7\" ><div\n\t\t\t\n\t\t\tclass=\"so-widget-sow-image so-widget-sow-image-default-c67d20f9f743-3246\"\n\t\t\t\n\t\t>\n<div class=\"sow-image-container\">\n\t\t\t<a href=\"https:\/\/etoleyksin.fi\/\"\n\t\t\t\t\t>\n\t\t\t<img \n\tsrc=\"https:\/\/jaasudet.fi\/wp-content\/uploads\/2019\/10\/etoleyksin_banneri_300x300.png\" width=\"300\" height=\"300\" srcset=\"https:\/\/jaasudet.fi\/wp-content\/uploads\/2019\/10\/etoleyksin_banneri_300x300.png 300w, https:\/\/jaasudet.fi\/wp-content\/uploads\/2019\/10\/etoleyksin_banneri_300x300-150x150.png 150w, https:\/\/jaasudet.fi\/wp-content\/uploads\/2019\/10\/etoleyksin_banneri_300x300-128x128.png 128w, https:\/\/jaasudet.fi\/wp-content\/uploads\/2019\/10\/etoleyksin_banneri_300x300-32x32.png 32w\" sizes=\"(max-width: 300px) 100vw, 300px\" alt=\"\" \t\tclass=\"so-widget-image\"\/>\n\t\t\t<\/a><\/div>\n\n<\/div><\/div><\/div><div id=\"pgc-998-1-4\"  class=\"panel-grid-cell panel-grid-cell-empty\" ><\/div><\/div><\/div>","protected":false},"excerpt":{"rendered":"","protected":false},"author":4,"featured_media":0,"parent":0,"menu_order":1,"comment_status":"closed","ping_status":"closed","template":"onecolumn-page.php","meta":{"ngg_post_thumbnail":0,"footnotes":""},"class_list":["post-998","page","type-page","status-publish","hentry"],"_links":{"self":[{"href":"https:\/\/jaasudet.fi\/index.php?rest_route=\/wp\/v2\/pages\/998","targetHints":{"allow":["GET"]}}],"collection":[{"href":"https:\/\/jaasudet.fi\/index.php?rest_route=\/wp\/v2\/pages"}],"about":[{"href":"https:\/\/jaasudet.fi\/index.php?rest_route=\/wp\/v2\/types\/page"}],"author":[{"embeddable":true,"href":"https:\/\/jaasudet.fi\/index.php?rest_route=\/wp\/v2\/users\/4"}],"replies":[{"embeddable":true,"href":"https:\/\/jaasudet.fi\/index.php?rest_route=%2Fwp%2Fv2%2Fcomments&post=998"}],"version-history":[{"count":187,"href":"https:\/\/jaasudet.fi\/index.php?rest_route=\/wp\/v2\/pages\/998\/revisions"}],"predecessor-version":[{"id":1000,"href":"https:\/\/jaasudet.fi\/index.php?rest_route=\/wp\/v2\/pages\/998\/revisions\/1000"}],"wp:attachment":[{"href":"https:\/\/jaasudet.fi\/index.php?rest_route=%2Fwp%2Fv2%2Fmedia&parent=998"}],"curies":[{"name":"wp","href":"https:\/\/api.w.org\/{rel}","templated":true}]}}