{"id":30,"date":"2016-12-01T19:05:27","date_gmt":"2016-12-01T17:05:27","guid":{"rendered":"http:\/\/jaasudet.fi\/?page_id=30"},"modified":"2017-09-18T15:09:01","modified_gmt":"2017-09-18T12:09:01","slug":"some-ohjeet","status":"publish","type":"page","link":"https:\/\/jaasudet.fi\/?page_id=30","title":{"rendered":"Some-ohjeet"},"content":{"rendered":"<div>\n<div>\n<div>\n<p style=\"text-align: left;\" align=\"center\"><strong><u>Kiteen J\u00e4\u00e4susien sosiaalisen median ohjeistus<\/u><\/strong><\/p>\n<p><em><span style=\"font-size: medium;\">\u00c4l\u00e4 kirjoita nettiin mit\u00e4\u00e4n, mit\u00e4 et voisi sanoa \u00e4\u00e4neen kaikkien kuullen.<\/span><\/em><span style=\"font-size: medium;\"> T\u00e4t\u00e4 ohjetta noudattaen nettikeskustelut pysyv\u00e4t sellaisilla raiteilla, ett\u00e4 ongelmia ei aiheudu ja voimme kaikki keskitty\u00e4 oleelliseen eli lajimme harrastamiseen ja edelleen kehitt\u00e4miseen.<\/span><\/p>\n<p><span style=\"font-size: medium;\">Pelaajien tai muiden toimijoiden (oman tai muiden seurojen) netiss\u00e4 tapahtuvaa arvostelua <\/span><em><span style=\"font-size: medium;\">ei tulla hyv\u00e4ksym\u00e4\u00e4n ja seurajohto tulee jatkossa tarvittaessa reagoimaan t\u00e4llaisiin tapahtumiin<\/span><\/em><span style=\"font-size: medium;\">. Kiusaaminen on asia, jota emme hyv\u00e4ksy; ei netiss\u00e4 eik\u00e4 kasvotusten. Vanhempien on my\u00f6s hyv\u00e4 keskustella t\u00e4m\u00e4 asia selv\u00e4ksi pelaajien kanssa.<\/span><\/p>\n<p><span style=\"font-size: medium;\">Sosiaalista mediaa p\u00e4tev\u00e4t samat lait kuin mit\u00e4 tahansa muuta palvelua ja toimintaa.<\/span><\/p>\n<p><strong><span style=\"font-size: medium;\">Ohjeita sosiaalisessa mediassa <\/span><\/strong><span style=\"font-size: medium;\">(mm. Facebook, Twitter, Instagram, WhatsApp, Youtube)<\/span><strong><span style=\"font-size: medium;\"> k\u00e4ytt\u00e4ytymiseen lapsille:<\/span><\/strong><span style=\"font-size: medium;\">\u2022<\/span><\/p>\n<p><span style=\"font-size: medium;\">Viestit, kuvat ja muu sis\u00e4lt\u00f6 levi\u00e4\u00e4 sosiaalisen median kautta nopeammin kuin mit\u00e4\u00e4n muuta v\u00e4yl\u00e4\u00e4 pitkin. Mieti aina kahdesti ennen kuvan tai tekstin julkaisemista.<\/span><span style=\"font-size: medium;\">\u2022<\/span><\/p>\n<p><span style=\"font-size: medium;\">Hanki medialukutaito. Kaikki ole sit\u00e4 milt\u00e4 n\u00e4ytt\u00e4\u00e4.<\/span><span style=\"font-size: medium;\">\u2022<\/span><\/p>\n<p><span style=\"font-size: medium;\">\u00c4l\u00e4 julkaise valheellista tietoa.<\/span><span style=\"color: #000000; font-size: medium;\">\u2022<\/span><\/p>\n<p><span style=\"font-size: medium;\">Jos julkaiset kuvan kavereistasi, <\/span><strong><span style=\"font-size: medium;\">kysy heilt\u00e4<\/span><\/strong> <strong><span style=\"font-size: medium;\">lupa<\/span><\/strong><span style=\"font-size: medium;\"> kuvan julkaisuun.<\/span><span style=\"font-size: medium;\">\u2022<\/span><\/p>\n<p><span style=\"font-size: medium;\">Jos havaitset kiusaamista, ota heti yhteys vanhempaan tai joukkueen toimihenkil\u00f6\u00f6n.<\/span><span style=\"font-size: medium;\">\u2022<\/span><\/p>\n<p><span style=\"font-size: medium;\">Se mit\u00e4 julkaiset sosiaalisessa mediassa, j\u00e4\u00e4 el\u00e4m\u00e4\u00e4n sanoin ja kuvin vaikka tiedon yritt\u00e4isi poistaa.<\/span><span style=\"font-size: medium;\">\u2022<\/span><\/p>\n<p><span style=\"font-size: medium;\">Jos havaitset omaan seuraan kohdistuvaa negatiivista arvostelua, \u00e4l\u00e4 kommentoi siihen vaan ota yhteytt\u00e4 joukkueesi toimihenkil\u00f6\u00f6n.<\/span><\/p>\n<\/div>\n<\/div>\n<\/div>\n","protected":false},"excerpt":{"rendered":"<p>Kiteen J\u00e4\u00e4susien sosiaalisen median ohjeistus \u00c4l\u00e4 kirjoita nettiin mit\u00e4\u00e4n, mit\u00e4 et voisi sanoa \u00e4\u00e4neen kaikkien kuullen. T\u00e4t\u00e4 ohjetta noudattaen nettikeskustelut pysyv\u00e4t sellaisilla raiteilla, ett\u00e4 ongelmia ei aiheudu ja voimme kaikki keskitty\u00e4 oleelliseen eli lajimme harrastamiseen ja edelleen kehitt\u00e4miseen. Pelaajien tai &hellip; <a href=\"https:\/\/jaasudet.fi\/?page_id=30\">Lue loppuun <span class=\"meta-nav\">&rarr;<\/span><\/a><\/p>\n","protected":false},"author":1,"featured_media":0,"parent":0,"menu_order":5,"comment_status":"closed","ping_status":"closed","template":"onecolumn-page.php","meta":{"ngg_post_thumbnail":0,"footnotes":""},"class_list":["post-30","page","type-page","status-publish","hentry"],"_links":{"self":[{"href":"https:\/\/jaasudet.fi\/index.php?rest_route=\/wp\/v2\/pages\/30","targetHints":{"allow":["GET"]}}],"collection":[{"href":"https:\/\/jaasudet.fi\/index.php?rest_route=\/wp\/v2\/pages"}],"about":[{"href":"https:\/\/jaasudet.fi\/index.php?rest_route=\/wp\/v2\/types\/page"}],"author":[{"embeddable":true,"href":"https:\/\/jaasudet.fi\/index.php?rest_route=\/wp\/v2\/users\/1"}],"replies":[{"embeddable":true,"href":"https:\/\/jaasudet.fi\/index.php?rest_route=%2Fwp%2Fv2%2Fcomments&post=30"}],"version-history":[{"count":5,"href":"https:\/\/jaasudet.fi\/index.php?rest_route=\/wp\/v2\/pages\/30\/revisions"}],"predecessor-version":[{"id":99,"href":"https:\/\/jaasudet.fi\/index.php?rest_route=\/wp\/v2\/pages\/30\/revisions\/99"}],"wp:attachment":[{"href":"https:\/\/jaasudet.fi\/index.php?rest_route=%2Fwp%2Fv2%2Fmedia&parent=30"}],"curies":[{"name":"wp","href":"https:\/\/api.w.org\/{rel}","templated":true}]}}