{"id":2784,"date":"2020-10-27T17:58:34","date_gmt":"2020-10-27T15:58:34","guid":{"rendered":"http:\/\/jaasudet.fi\/?page_id=2784"},"modified":"2020-10-27T18:02:38","modified_gmt":"2020-10-27T16:02:38","slug":"harjoitusajat","status":"publish","type":"page","link":"https:\/\/jaasudet.fi\/?page_id=2784","title":{"rendered":"Taitoluistelijoiden harjoitusajat"},"content":{"rendered":"\n<p><strong>Maanantai<\/strong><\/p>\n\n\n\n<p>R1<br>L\u00e4mmittely 16.00-16.20<br>J\u00e4\u00e4 16.30-17.15<br>Oheinen 17.25-18.00<\/p>\n\n\n\n<p>R2&amp;R3\/luistelukoulu<br>L\u00e4mmittely 16.30-17.00<br>J\u00e4\u00e4 17.15-18.00<\/p>\n\n\n\n<p><strong>Keskiviikko<\/strong><\/p>\n\n\n\n<p>R1, R2, R3\/luistelukoulu<br>Oheisjumppa Hutsin Koulun sali 16.00-16.45<br>J\u00e4\u00e4 17.00-18.00<\/p>\n","protected":false},"excerpt":{"rendered":"<p>Maanantai R1L\u00e4mmittely 16.00-16.20J\u00e4\u00e4 16.30-17.15Oheinen 17.25-18.00 R2&amp;R3\/luistelukouluL\u00e4mmittely 16.30-17.00J\u00e4\u00e4 17.15-18.00 Keskiviikko R1, R2, R3\/luistelukouluOheisjumppa Hutsin Koulun sali 16.00-16.45J\u00e4\u00e4 17.00-18.00<\/p>\n","protected":false},"author":4,"featured_media":0,"parent":19,"menu_order":2,"comment_status":"closed","ping_status":"closed","template":"","meta":{"ngg_post_thumbnail":0,"footnotes":""},"class_list":["post-2784","page","type-page","status-publish","hentry"],"_links":{"self":[{"href":"https:\/\/jaasudet.fi\/index.php?rest_route=\/wp\/v2\/pages\/2784","targetHints":{"allow":["GET"]}}],"collection":[{"href":"https:\/\/jaasudet.fi\/index.php?rest_route=\/wp\/v2\/pages"}],"about":[{"href":"https:\/\/jaasudet.fi\/index.php?rest_route=\/wp\/v2\/types\/page"}],"author":[{"embeddable":true,"href":"https:\/\/jaasudet.fi\/index.php?rest_route=\/wp\/v2\/users\/4"}],"replies":[{"embeddable":true,"href":"https:\/\/jaasudet.fi\/index.php?rest_route=%2Fwp%2Fv2%2Fcomments&post=2784"}],"version-history":[{"count":3,"href":"https:\/\/jaasudet.fi\/index.php?rest_route=\/wp\/v2\/pages\/2784\/revisions"}],"predecessor-version":[{"id":2789,"href":"https:\/\/jaasudet.fi\/index.php?rest_route=\/wp\/v2\/pages\/2784\/revisions\/2789"}],"up":[{"embeddable":true,"href":"https:\/\/jaasudet.fi\/index.php?rest_route=\/wp\/v2\/pages\/19"}],"wp:attachment":[{"href":"https:\/\/jaasudet.fi\/index.php?rest_route=%2Fwp%2Fv2%2Fmedia&parent=2784"}],"curies":[{"name":"wp","href":"https:\/\/api.w.org\/{rel}","templated":true}]}}