{"id":25,"date":"2016-12-01T18:57:06","date_gmt":"2016-12-01T16:57:06","guid":{"rendered":"http:\/\/jaasudet.fi\/?page_id=25"},"modified":"2025-09-04T06:51:24","modified_gmt":"2025-09-04T03:51:24","slug":"yhteystiedot","status":"publish","type":"page","link":"https:\/\/jaasudet.fi\/?page_id=25","title":{"rendered":"Yhteystiedot &#038; Toimintaopas"},"content":{"rendered":"\n<p>J\u00e4\u00e4susien yhteystiedot ja toimintaopas ovat p\u00e4ivityksen alla&#8230; Ajankohtaisia yhteystietoja l\u00f6yd\u00e4t t\u00e4m\u00e4n sivun alareunasta.<\/p>\n\n\n\n<figure class=\"wp-block-image\"><img loading=\"lazy\" decoding=\"async\" width=\"212\" height=\"300\" src=\"http:\/\/jaasudet.fi\/wp-content\/uploads\/2017\/11\/Yhteystieto-kansi-212x300.jpg\" alt=\"\" class=\"wp-image-1780\" srcset=\"https:\/\/jaasudet.fi\/wp-content\/uploads\/2017\/11\/Yhteystieto-kansi-212x300.jpg 212w, https:\/\/jaasudet.fi\/wp-content\/uploads\/2017\/11\/Yhteystieto-kansi-768x1086.jpg 768w, https:\/\/jaasudet.fi\/wp-content\/uploads\/2017\/11\/Yhteystieto-kansi-724x1024.jpg 724w, https:\/\/jaasudet.fi\/wp-content\/uploads\/2017\/11\/Yhteystieto-kansi-91x128.jpg 91w, https:\/\/jaasudet.fi\/wp-content\/uploads\/2017\/11\/Yhteystieto-kansi-23x32.jpg 23w\" sizes=\"auto, (max-width: 212px) 100vw, 212px\" \/><\/figure>\n\n\n\n<figure class=\"wp-block-image\"><img loading=\"lazy\" decoding=\"async\" width=\"212\" height=\"300\" src=\"http:\/\/jaasudet.fi\/wp-content\/uploads\/2017\/11\/Toimintaopas-Kansi-212x300.jpg\" alt=\"\" class=\"wp-image-1781\" srcset=\"https:\/\/jaasudet.fi\/wp-content\/uploads\/2017\/11\/Toimintaopas-Kansi-212x300.jpg 212w, https:\/\/jaasudet.fi\/wp-content\/uploads\/2017\/11\/Toimintaopas-Kansi-768x1086.jpg 768w, https:\/\/jaasudet.fi\/wp-content\/uploads\/2017\/11\/Toimintaopas-Kansi-724x1024.jpg 724w, https:\/\/jaasudet.fi\/wp-content\/uploads\/2017\/11\/Toimintaopas-Kansi-91x128.jpg 91w, https:\/\/jaasudet.fi\/wp-content\/uploads\/2017\/11\/Toimintaopas-Kansi-23x32.jpg 23w, https:\/\/jaasudet.fi\/wp-content\/uploads\/2017\/11\/Toimintaopas-Kansi.jpg 1050w\" sizes=\"auto, (max-width: 212px) 100vw, 212px\" \/><\/figure>\n\n\n\n<p>Kiteen J\u00e4\u00e4sudet Ry<\/p>\n\n\n\n<p>Urheilutie 5, 82500 Kitee &nbsp;(J\u00e4\u00e4halli)<\/p>\n\n\n\n<p><strong>Puheenjohtaja:<\/strong><\/p>\n\n\n\n<p>Satu K\u00e4yhk\u00f6-Lehmuksela, satu.kayhko.lehmuksela@gmail.com<\/p>\n\n\n\n<p><strong>Webmaster:&nbsp;<\/strong><\/p>\n\n\n\n<p>Jaakko Murtonen, jaakko.murtonen@lvi-bioneerit.fi<span style=\"color: #3366ff;\"><\/span><\/p>\n\n\n\n<p><strong>Joukkueenjohtajien yhteystiedot:<\/strong><\/p>\n\n\n\n<p><strong>U-15:<\/strong> <\/p>\n\n\n\n<p>Pekka Hyv\u00e4rinen, puh. 041 439 4330, peccahyvarinen@gmail.com<\/p>\n\n\n\n<p><strong>U-12:<\/strong> <\/p>\n\n\n\n<p>Mika V\u00e4kev\u00e4inen, puh. 050 364 9243<\/p>\n\n\n\n<p><strong>Taitoluistelijat:<\/strong> <\/p>\n\n\n\n<p>Miia Toropainen, puh. 040 556 2688, taitoluistelu.kitee@gmail.com<\/p>\n\n\n\n<p><strong>Susiladyt:<\/strong> <\/p>\n\n\n\n<p>Riikka Pietik\u00e4inen, puh. 045 639 9861, riikka.pietikainen@gmail.com<\/p>\n\n\n\n<p><strong>Susipapat:<\/strong> <\/p>\n\n\n\n<p>Timo Karhap\u00e4\u00e4<\/p>\n\n\n\n<p><strong>HC-Pohjant\u00e4hteet: <\/strong><\/p>\n\n\n\n<p>Jyrki Ahokas, puh. 050 566 1588<\/p>\n\n\n\n<p><strong>Luistelukoulu:<\/strong><\/p>\n\n\n\n<p>Satu K\u00e4yhk\u00f6-Lehmuksela, satu.kayhko.lehmuksela@gmail.com <\/p>\n\n\n\n<p><strong>Tytt\u00f6kiekkovastaava:<\/strong><\/p>\n\n\n\n<p>Veera Ahokas, ahokas.veera@gmail.com <\/p>\n","protected":false},"excerpt":{"rendered":"<p>J\u00e4\u00e4susien yhteystiedot ja toimintaopas ovat p\u00e4ivityksen alla&#8230; Ajankohtaisia yhteystietoja l\u00f6yd\u00e4t t\u00e4m\u00e4n sivun alareunasta. Kiteen J\u00e4\u00e4sudet Ry Urheilutie 5, 82500 Kitee &nbsp;(J\u00e4\u00e4halli) Puheenjohtaja: Satu K\u00e4yhk\u00f6-Lehmuksela, satu.kayhko.lehmuksela@gmail.com Webmaster:&nbsp; Jaakko Murtonen, jaakko.murtonen@lvi-bioneerit.fi Joukkueenjohtajien yhteystiedot: U-15: Pekka Hyv\u00e4rinen, puh. 041 439 4330, peccahyvarinen@gmail.com U-12: &hellip; <a href=\"https:\/\/jaasudet.fi\/?page_id=25\">Lue loppuun <span class=\"meta-nav\">&rarr;<\/span><\/a><\/p>\n","protected":false},"author":1,"featured_media":0,"parent":0,"menu_order":8,"comment_status":"closed","ping_status":"closed","template":"","meta":{"ngg_post_thumbnail":0,"footnotes":""},"class_list":["post-25","page","type-page","status-publish","hentry"],"_links":{"self":[{"href":"https:\/\/jaasudet.fi\/index.php?rest_route=\/wp\/v2\/pages\/25","targetHints":{"allow":["GET"]}}],"collection":[{"href":"https:\/\/jaasudet.fi\/index.php?rest_route=\/wp\/v2\/pages"}],"about":[{"href":"https:\/\/jaasudet.fi\/index.php?rest_route=\/wp\/v2\/types\/page"}],"author":[{"embeddable":true,"href":"https:\/\/jaasudet.fi\/index.php?rest_route=\/wp\/v2\/users\/1"}],"replies":[{"embeddable":true,"href":"https:\/\/jaasudet.fi\/index.php?rest_route=%2Fwp%2Fv2%2Fcomments&post=25"}],"version-history":[{"count":48,"href":"https:\/\/jaasudet.fi\/index.php?rest_route=\/wp\/v2\/pages\/25\/revisions"}],"predecessor-version":[{"id":3338,"href":"https:\/\/jaasudet.fi\/index.php?rest_route=\/wp\/v2\/pages\/25\/revisions\/3338"}],"wp:attachment":[{"href":"https:\/\/jaasudet.fi\/index.php?rest_route=%2Fwp%2Fv2%2Fmedia&parent=25"}],"curies":[{"name":"wp","href":"https:\/\/api.w.org\/{rel}","templated":true}]}}