{"id":2336,"date":"2019-10-10T16:47:11","date_gmt":"2019-10-10T13:47:11","guid":{"rendered":"http:\/\/jaasudet.fi\/?page_id=2336"},"modified":"2025-12-02T09:42:02","modified_gmt":"2025-12-02T07:42:02","slug":"g-juniorit","status":"publish","type":"page","link":"https:\/\/jaasudet.fi\/?page_id=2336","title":{"rendered":"U12-juniorit"},"content":{"rendered":"<div class=\"wp-block-image\">\n<figure class=\"aligncenter size-large\"><img loading=\"lazy\" decoding=\"async\" width=\"1024\" height=\"683\" src=\"http:\/\/jaasudet.fi\/wp-content\/uploads\/2024\/11\/U12-1024x683.jpg\" alt=\"\" class=\"wp-image-3297\" srcset=\"https:\/\/jaasudet.fi\/wp-content\/uploads\/2024\/11\/U12-1024x683.jpg 1024w, https:\/\/jaasudet.fi\/wp-content\/uploads\/2024\/11\/U12-300x200.jpg 300w, https:\/\/jaasudet.fi\/wp-content\/uploads\/2024\/11\/U12-150x100.jpg 150w, https:\/\/jaasudet.fi\/wp-content\/uploads\/2024\/11\/U12-768x512.jpg 768w, https:\/\/jaasudet.fi\/wp-content\/uploads\/2024\/11\/U12-1536x1025.jpg 1536w, https:\/\/jaasudet.fi\/wp-content\/uploads\/2024\/11\/U12-2048x1366.jpg 2048w, https:\/\/jaasudet.fi\/wp-content\/uploads\/2024\/11\/U12-128x85.jpg 128w, https:\/\/jaasudet.fi\/wp-content\/uploads\/2024\/11\/U12-32x21.jpg 32w, https:\/\/jaasudet.fi\/wp-content\/uploads\/2024\/11\/U12-272x182.jpg 272w\" sizes=\"auto, (max-width: 1024px) 100vw, 1024px\" \/><figcaption class=\"wp-element-caption\"><strong>U12 joukkuekuva 2024-2025<\/strong><\/figcaption><\/figure>\n<\/div>\n\n<div id=\"pl-gb2336-69f5e4ceb2cd8\"  class=\"panel-layout\" ><div id=\"pg-gb2336-69f5e4ceb2cd8-0\"  class=\"panel-grid panel-no-style\" ><div id=\"pgc-gb2336-69f5e4ceb2cd8-0-0\"  class=\"panel-grid-cell panel-grid-cell-empty\" ><\/div><\/div><\/div>\n\n\n<p><strong>Valmentajat: <\/strong> Tapio Niskanen, Juho H\u00e4nninen<\/p>\n\n\n\n<p><strong>Joukkueenjohtaja: <\/strong>Mika V\u00e4kev\u00e4inen<\/p>\n\n\n\n<p><strong>Rahastonhoitaja: <\/strong>Pilvi P\u00e4\u00e4skynen<\/p>\n\n\n\n<p><strong>Huoltaja: <\/strong>Raimo Lehmuksela<\/p>\n\n\n\n<p><strong>Huoltaja: <\/strong>Satu K\u00e4yhk\u00f6-Lehmuksela<\/p>\n\n\n\n<p><strong>Huoltaja: <\/strong>Harri Piipponen<\/p>\n\n\n\n<p><strong>Huoltaja: <\/strong>Pirjo Pesonen<\/p>\n\n\n\n<p><strong>Huoltaja: <\/strong>Satu Kinnunen<\/p>\n\n\n\n<p><strong>Kotiottelut:<\/strong><\/p>\n\n\n\n<figure class=\"wp-block-table\"><table><tbody><tr><td>4.11.2023<\/td><td>00:00<\/td><td>J\u00e4\u00e4sudet Musta<\/td><td>PiPS<\/td><\/tr><tr><td>4.11.2023<\/td><td>00:00<\/td><td>J\u00e4\u00e4sudet Musta<\/td><td>SuKiKa<\/td><\/tr><tr><td>9.12.2023<\/td><td>00:00<\/td><td>J\u00e4\u00e4sudet Musta<\/td><td>KaPa-51<\/td><\/tr><tr><td>9.12.2023<\/td><td>00:00 <\/td><td>J\u00e4\u00e4sudet Musta <\/td><td>Jukurit Sininen<\/td><\/tr><tr><td>27.1.2024<\/td><td>00:00<\/td><td>J\u00e4\u00e4sudet Musta<\/td><td>SaPKo sininen<\/td><\/tr><tr><td>27.1.2024<\/td><td>00:00<\/td><td>J\u00e4\u00e4sudet Musta<\/td><td>SaPKo valkoinen<\/td><\/tr><\/tbody><\/table><\/figure>\n","protected":false},"excerpt":{"rendered":"<p>Valmentajat: Tapio Niskanen, Juho H\u00e4nninen Joukkueenjohtaja: Mika V\u00e4kev\u00e4inen Rahastonhoitaja: Pilvi P\u00e4\u00e4skynen Huoltaja: Raimo Lehmuksela Huoltaja: Satu K\u00e4yhk\u00f6-Lehmuksela Huoltaja: Harri Piipponen Huoltaja: Pirjo Pesonen Huoltaja: Satu Kinnunen Kotiottelut: 4.11.2023 00:00 J\u00e4\u00e4sudet Musta PiPS 4.11.2023 00:00 J\u00e4\u00e4sudet Musta SuKiKa 9.12.2023 00:00 J\u00e4\u00e4sudet &hellip; <a href=\"https:\/\/jaasudet.fi\/?page_id=2336\">Lue loppuun <span class=\"meta-nav\">&rarr;<\/span><\/a><\/p>\n","protected":false},"author":4,"featured_media":0,"parent":8,"menu_order":3,"comment_status":"closed","ping_status":"closed","template":"onecolumn-page.php","meta":{"ngg_post_thumbnail":0,"footnotes":""},"class_list":["post-2336","page","type-page","status-publish","hentry"],"_links":{"self":[{"href":"https:\/\/jaasudet.fi\/index.php?rest_route=\/wp\/v2\/pages\/2336","targetHints":{"allow":["GET"]}}],"collection":[{"href":"https:\/\/jaasudet.fi\/index.php?rest_route=\/wp\/v2\/pages"}],"about":[{"href":"https:\/\/jaasudet.fi\/index.php?rest_route=\/wp\/v2\/types\/page"}],"author":[{"embeddable":true,"href":"https:\/\/jaasudet.fi\/index.php?rest_route=\/wp\/v2\/users\/4"}],"replies":[{"embeddable":true,"href":"https:\/\/jaasudet.fi\/index.php?rest_route=%2Fwp%2Fv2%2Fcomments&post=2336"}],"version-history":[{"count":33,"href":"https:\/\/jaasudet.fi\/index.php?rest_route=\/wp\/v2\/pages\/2336\/revisions"}],"predecessor-version":[{"id":3311,"href":"https:\/\/jaasudet.fi\/index.php?rest_route=\/wp\/v2\/pages\/2336\/revisions\/3311"}],"up":[{"embeddable":true,"href":"https:\/\/jaasudet.fi\/index.php?rest_route=\/wp\/v2\/pages\/8"}],"wp:attachment":[{"href":"https:\/\/jaasudet.fi\/index.php?rest_route=%2Fwp%2Fv2%2Fmedia&parent=2336"}],"curies":[{"name":"wp","href":"https:\/\/api.w.org\/{rel}","templated":true}]}}