{"id":19,"date":"2016-12-01T18:54:28","date_gmt":"2016-12-01T16:54:28","guid":{"rendered":"http:\/\/jaasudet.fi\/?page_id=19"},"modified":"2024-11-18T09:31:40","modified_gmt":"2024-11-18T07:31:40","slug":"taitoluistelijat","status":"publish","type":"page","link":"https:\/\/jaasudet.fi\/?page_id=19","title":{"rendered":"Taitoluistelijat 2024-2025"},"content":{"rendered":"\n<figure class=\"wp-block-image size-large\"><img loading=\"lazy\" decoding=\"async\" width=\"1024\" height=\"683\" src=\"https:\/\/jaasudet.fi\/wp-content\/uploads\/2024\/11\/TL-1024x683.jpg\" alt=\"\" class=\"wp-image-3302\" srcset=\"https:\/\/jaasudet.fi\/wp-content\/uploads\/2024\/11\/TL-1024x683.jpg 1024w, https:\/\/jaasudet.fi\/wp-content\/uploads\/2024\/11\/TL-300x200.jpg 300w, https:\/\/jaasudet.fi\/wp-content\/uploads\/2024\/11\/TL-150x100.jpg 150w, https:\/\/jaasudet.fi\/wp-content\/uploads\/2024\/11\/TL-768x512.jpg 768w, https:\/\/jaasudet.fi\/wp-content\/uploads\/2024\/11\/TL-1536x1025.jpg 1536w, https:\/\/jaasudet.fi\/wp-content\/uploads\/2024\/11\/TL-2048x1366.jpg 2048w, https:\/\/jaasudet.fi\/wp-content\/uploads\/2024\/11\/TL-128x85.jpg 128w, https:\/\/jaasudet.fi\/wp-content\/uploads\/2024\/11\/TL-32x21.jpg 32w, https:\/\/jaasudet.fi\/wp-content\/uploads\/2024\/11\/TL-272x182.jpg 272w\" sizes=\"auto, (max-width: 1024px) 100vw, 1024px\" \/><figcaption class=\"wp-element-caption\">Taitoluistelijat 2024-2025<\/figcaption><\/figure>\n\n\n\n<figure class=\"wp-block-image size-large\"><img loading=\"lazy\" decoding=\"async\" width=\"1024\" height=\"683\" src=\"https:\/\/jaasudet.fi\/wp-content\/uploads\/2024\/11\/TL-2-1024x683.jpg\" alt=\"\" class=\"wp-image-3303\" srcset=\"https:\/\/jaasudet.fi\/wp-content\/uploads\/2024\/11\/TL-2-1024x683.jpg 1024w, https:\/\/jaasudet.fi\/wp-content\/uploads\/2024\/11\/TL-2-300x200.jpg 300w, https:\/\/jaasudet.fi\/wp-content\/uploads\/2024\/11\/TL-2-150x100.jpg 150w, https:\/\/jaasudet.fi\/wp-content\/uploads\/2024\/11\/TL-2-768x512.jpg 768w, https:\/\/jaasudet.fi\/wp-content\/uploads\/2024\/11\/TL-2-1536x1025.jpg 1536w, https:\/\/jaasudet.fi\/wp-content\/uploads\/2024\/11\/TL-2-2048x1366.jpg 2048w, https:\/\/jaasudet.fi\/wp-content\/uploads\/2024\/11\/TL-2-128x85.jpg 128w, https:\/\/jaasudet.fi\/wp-content\/uploads\/2024\/11\/TL-2-32x21.jpg 32w, https:\/\/jaasudet.fi\/wp-content\/uploads\/2024\/11\/TL-2-272x182.jpg 272w\" sizes=\"auto, (max-width: 1024px) 100vw, 1024px\" \/><figcaption class=\"wp-element-caption\">Kilpailijat 2024-2025<\/figcaption><\/figure>\n\n\n\n<p class=\"has-very-light-gray-background-color has-background\"><strong>Uudet luistelijat tervetuloa mukaan maanantaisin; alkujumppa 16.30-17.00 ja j\u00e4\u00e4 17.15-18.00. Lis\u00e4tietoja miiatoivanen59@gmail.com<\/strong><\/p>\n\n\n\n<p><strong>Taitoluistelijoita tukemassa kaudella 2023-2024:<\/strong><br>&#8211; Annalakodit Oy, Hoitokoti Annala Oy<br>&#8211; Sisustus Laukkanen Oy<br>&#8211; Mirotex<br>&#8211; Kuljetus J. Hirvonen<br>&#8211; LVI-Bioneerit Oy<br>&#8211; ODDY Tech<br>&#8211; Pro-Pinnoitus<br>&#8211; Kiteen Tapetti ja Maalausty\u00f6 Ky<br>&#8211; Bio10<br>&#8211; Ilomantsin Apteekki<br>&#8211; Talos\u00e4\u00e4t\u00f6 Oy<br>&#8211; Koneliike J. Hyttinen<br>&#8211; Karjalan Pelti Oy<br>&#8211; Hieroja Halttunen<br>&#8211; Kiteen L\u00e4mp\u00f6 Oy<br>&#8211; Tohmaj\u00e4rven Apteekki<br>&#8211; Narskuttelu Oy<br>&#8211; T:mi Mari Mononen<br>&#8211; PB Salon<br>&#8211; EV S\u00e4hk\u00f6 Oy<br><\/p>\n\n\n\n<p><strong>Kuvasatoa syksy 2020<\/strong><\/p>\n\n\n<div id=\"pl-gb19-69f3fd8e0826e\"  class=\"panel-layout\" ><div id=\"pg-gb19-69f3fd8e0826e-0\"  class=\"panel-grid panel-no-style\" ><div id=\"pgc-gb19-69f3fd8e0826e-0-0\"  class=\"panel-grid-cell\" ><div id=\"panel-gb19-69f3fd8e0826e-0-0-0\" class=\"so-panel widget widget_sow-image panel-first-child panel-last-child\" data-index=\"0\" ><div\n\t\t\t\n\t\t\tclass=\"so-widget-sow-image so-widget-sow-image-default-8b5b6f678277-19\"\n\t\t\t\n\t\t>\n<div class=\"sow-image-container\">\n\t\t<img \n\tsrc=\"https:\/\/jaasudet.fi\/wp-content\/uploads\/2020\/10\/MR07845.jpg\" width=\"1104\" height=\"1772\" srcset=\"https:\/\/jaasudet.fi\/wp-content\/uploads\/2020\/10\/MR07845.jpg 1104w, https:\/\/jaasudet.fi\/wp-content\/uploads\/2020\/10\/MR07845-187x300.jpg 187w, https:\/\/jaasudet.fi\/wp-content\/uploads\/2020\/10\/MR07845-768x1233.jpg 768w, https:\/\/jaasudet.fi\/wp-content\/uploads\/2020\/10\/MR07845-638x1024.jpg 638w, https:\/\/jaasudet.fi\/wp-content\/uploads\/2020\/10\/MR07845-80x128.jpg 80w, https:\/\/jaasudet.fi\/wp-content\/uploads\/2020\/10\/MR07845-20x32.jpg 20w\" sizes=\"(max-width: 1104px) 100vw, 1104px\" title=\"No Title\" alt=\"\" \t\tclass=\"so-widget-image\"\/>\n\t<\/div>\n\n<\/div><\/div><\/div><div id=\"pgc-gb19-69f3fd8e0826e-0-1\"  class=\"panel-grid-cell\" ><div id=\"panel-gb19-69f3fd8e0826e-0-1-0\" class=\"so-panel widget widget_sow-image panel-first-child panel-last-child\" data-index=\"1\" ><div\n\t\t\t\n\t\t\tclass=\"so-widget-sow-image so-widget-sow-image-default-8b5b6f678277-19\"\n\t\t\t\n\t\t>\n<div class=\"sow-image-container\">\n\t\t<img \n\tsrc=\"https:\/\/jaasudet.fi\/wp-content\/uploads\/2020\/10\/MR07887.jpg\" width=\"1095\" height=\"1772\" srcset=\"https:\/\/jaasudet.fi\/wp-content\/uploads\/2020\/10\/MR07887.jpg 1095w, https:\/\/jaasudet.fi\/wp-content\/uploads\/2020\/10\/MR07887-185x300.jpg 185w, https:\/\/jaasudet.fi\/wp-content\/uploads\/2020\/10\/MR07887-768x1243.jpg 768w, https:\/\/jaasudet.fi\/wp-content\/uploads\/2020\/10\/MR07887-633x1024.jpg 633w, https:\/\/jaasudet.fi\/wp-content\/uploads\/2020\/10\/MR07887-79x128.jpg 79w, https:\/\/jaasudet.fi\/wp-content\/uploads\/2020\/10\/MR07887-20x32.jpg 20w\" sizes=\"(max-width: 1095px) 100vw, 1095px\" title=\"No Title\" alt=\"\" \t\tclass=\"so-widget-image\"\/>\n\t<\/div>\n\n<\/div><\/div><\/div><\/div><div id=\"pg-gb19-69f3fd8e0826e-1\"  class=\"panel-grid panel-no-style\" ><div id=\"pgc-gb19-69f3fd8e0826e-1-0\"  class=\"panel-grid-cell\" ><div id=\"panel-gb19-69f3fd8e0826e-1-0-0\" class=\"so-panel widget widget_sow-image panel-first-child panel-last-child\" data-index=\"2\" ><div\n\t\t\t\n\t\t\tclass=\"so-widget-sow-image so-widget-sow-image-default-8b5b6f678277-19\"\n\t\t\t\n\t\t>\n<div class=\"sow-image-container\">\n\t\t<img \n\tsrc=\"https:\/\/jaasudet.fi\/wp-content\/uploads\/2020\/10\/MR07911.jpg\" width=\"1183\" height=\"1772\" srcset=\"https:\/\/jaasudet.fi\/wp-content\/uploads\/2020\/10\/MR07911.jpg 1183w, https:\/\/jaasudet.fi\/wp-content\/uploads\/2020\/10\/MR07911-200x300.jpg 200w, https:\/\/jaasudet.fi\/wp-content\/uploads\/2020\/10\/MR07911-768x1150.jpg 768w, https:\/\/jaasudet.fi\/wp-content\/uploads\/2020\/10\/MR07911-684x1024.jpg 684w, https:\/\/jaasudet.fi\/wp-content\/uploads\/2020\/10\/MR07911-85x128.jpg 85w, https:\/\/jaasudet.fi\/wp-content\/uploads\/2020\/10\/MR07911-21x32.jpg 21w\" sizes=\"(max-width: 1183px) 100vw, 1183px\" title=\"No Title\" alt=\"\" \t\tclass=\"so-widget-image\"\/>\n\t<\/div>\n\n<\/div><\/div><\/div><div id=\"pgc-gb19-69f3fd8e0826e-1-1\"  class=\"panel-grid-cell\" ><div id=\"panel-gb19-69f3fd8e0826e-1-1-0\" class=\"so-panel widget widget_sow-image panel-first-child panel-last-child\" data-index=\"3\" ><div\n\t\t\t\n\t\t\tclass=\"so-widget-sow-image so-widget-sow-image-default-8b5b6f678277-19\"\n\t\t\t\n\t\t>\n<div class=\"sow-image-container\">\n\t\t<img \n\tsrc=\"https:\/\/jaasudet.fi\/wp-content\/uploads\/2020\/10\/MR07953.jpg\" width=\"1183\" height=\"1772\" srcset=\"https:\/\/jaasudet.fi\/wp-content\/uploads\/2020\/10\/MR07953.jpg 1183w, https:\/\/jaasudet.fi\/wp-content\/uploads\/2020\/10\/MR07953-200x300.jpg 200w, https:\/\/jaasudet.fi\/wp-content\/uploads\/2020\/10\/MR07953-768x1150.jpg 768w, https:\/\/jaasudet.fi\/wp-content\/uploads\/2020\/10\/MR07953-684x1024.jpg 684w, https:\/\/jaasudet.fi\/wp-content\/uploads\/2020\/10\/MR07953-85x128.jpg 85w, https:\/\/jaasudet.fi\/wp-content\/uploads\/2020\/10\/MR07953-21x32.jpg 21w\" sizes=\"(max-width: 1183px) 100vw, 1183px\" title=\"No Title\" alt=\"\" \t\tclass=\"so-widget-image\"\/>\n\t<\/div>\n\n<\/div><\/div><\/div><\/div><div id=\"pg-gb19-69f3fd8e0826e-2\"  class=\"panel-grid panel-no-style\" ><div id=\"pgc-gb19-69f3fd8e0826e-2-0\"  class=\"panel-grid-cell\" ><div id=\"panel-gb19-69f3fd8e0826e-2-0-0\" class=\"so-panel widget widget_sow-image panel-first-child panel-last-child\" data-index=\"4\" ><div\n\t\t\t\n\t\t\tclass=\"so-widget-sow-image so-widget-sow-image-default-8b5b6f678277-19\"\n\t\t\t\n\t\t>\n<div class=\"sow-image-container\">\n\t\t<img \n\tsrc=\"https:\/\/jaasudet.fi\/wp-content\/uploads\/2020\/10\/MR07968.jpg\" width=\"1183\" height=\"1772\" srcset=\"https:\/\/jaasudet.fi\/wp-content\/uploads\/2020\/10\/MR07968.jpg 1183w, https:\/\/jaasudet.fi\/wp-content\/uploads\/2020\/10\/MR07968-200x300.jpg 200w, https:\/\/jaasudet.fi\/wp-content\/uploads\/2020\/10\/MR07968-768x1150.jpg 768w, https:\/\/jaasudet.fi\/wp-content\/uploads\/2020\/10\/MR07968-684x1024.jpg 684w, https:\/\/jaasudet.fi\/wp-content\/uploads\/2020\/10\/MR07968-85x128.jpg 85w, https:\/\/jaasudet.fi\/wp-content\/uploads\/2020\/10\/MR07968-21x32.jpg 21w\" sizes=\"(max-width: 1183px) 100vw, 1183px\" title=\"No Title\" alt=\"\" \t\tclass=\"so-widget-image\"\/>\n\t<\/div>\n\n<\/div><\/div><\/div><div id=\"pgc-gb19-69f3fd8e0826e-2-1\"  class=\"panel-grid-cell\" ><div id=\"panel-gb19-69f3fd8e0826e-2-1-0\" class=\"so-panel widget widget_sow-image panel-first-child panel-last-child\" data-index=\"5\" ><div\n\t\t\t\n\t\t\tclass=\"so-widget-sow-image so-widget-sow-image-default-8b5b6f678277-19\"\n\t\t\t\n\t\t>\n<div class=\"sow-image-container\">\n\t\t<img \n\tsrc=\"https:\/\/jaasudet.fi\/wp-content\/uploads\/2020\/10\/MR07994.jpg\" width=\"1183\" height=\"1772\" srcset=\"https:\/\/jaasudet.fi\/wp-content\/uploads\/2020\/10\/MR07994.jpg 1183w, https:\/\/jaasudet.fi\/wp-content\/uploads\/2020\/10\/MR07994-200x300.jpg 200w, https:\/\/jaasudet.fi\/wp-content\/uploads\/2020\/10\/MR07994-768x1150.jpg 768w, https:\/\/jaasudet.fi\/wp-content\/uploads\/2020\/10\/MR07994-684x1024.jpg 684w, https:\/\/jaasudet.fi\/wp-content\/uploads\/2020\/10\/MR07994-85x128.jpg 85w, https:\/\/jaasudet.fi\/wp-content\/uploads\/2020\/10\/MR07994-21x32.jpg 21w\" sizes=\"(max-width: 1183px) 100vw, 1183px\" title=\"No Title\" alt=\"\" \t\tclass=\"so-widget-image\"\/>\n\t<\/div>\n\n<\/div><\/div><\/div><\/div><div id=\"pg-gb19-69f3fd8e0826e-3\"  class=\"panel-grid panel-no-style\" ><div id=\"pgc-gb19-69f3fd8e0826e-3-0\"  class=\"panel-grid-cell panel-grid-cell-mobile-last\" ><div id=\"panel-gb19-69f3fd8e0826e-3-0-0\" class=\"so-panel widget widget_sow-image panel-first-child panel-last-child\" data-index=\"6\" ><div\n\t\t\t\n\t\t\tclass=\"so-widget-sow-image so-widget-sow-image-default-8b5b6f678277-19\"\n\t\t\t\n\t\t>\n<div class=\"sow-image-container\">\n\t\t<img \n\tsrc=\"https:\/\/jaasudet.fi\/wp-content\/uploads\/2020\/10\/MR08005.jpg\" width=\"1183\" height=\"1772\" srcset=\"https:\/\/jaasudet.fi\/wp-content\/uploads\/2020\/10\/MR08005.jpg 1183w, https:\/\/jaasudet.fi\/wp-content\/uploads\/2020\/10\/MR08005-200x300.jpg 200w, https:\/\/jaasudet.fi\/wp-content\/uploads\/2020\/10\/MR08005-768x1150.jpg 768w, https:\/\/jaasudet.fi\/wp-content\/uploads\/2020\/10\/MR08005-684x1024.jpg 684w, https:\/\/jaasudet.fi\/wp-content\/uploads\/2020\/10\/MR08005-85x128.jpg 85w, https:\/\/jaasudet.fi\/wp-content\/uploads\/2020\/10\/MR08005-21x32.jpg 21w\" sizes=\"(max-width: 1183px) 100vw, 1183px\" title=\"No Title\" alt=\"\" \t\tclass=\"so-widget-image\"\/>\n\t<\/div>\n\n<\/div><\/div><\/div><div id=\"pgc-gb19-69f3fd8e0826e-3-1\"  class=\"panel-grid-cell panel-grid-cell-empty\" ><\/div><\/div><\/div>\n\n\n<pre class=\"wp-block-verse\"><strong>Vastuuvalmentaja R1&amp;R2:<\/strong><br>Viivi Hyttinen<br><br><strong>Vastuuvalmentaja R3\/luistelukoulu:<\/strong><br>Miia Toivanen 040-532 3622<\/pre>\n\n\n\n<p><\/p>\n\n\n\n<p><strong><a href=\"http:\/\/jaasudet.fi\/?page_id=2784\">TAITOLUISTELIJOIDEN HARJOITUSAJAT<\/a><\/strong><\/p>\n\n\n\n<p><strong><a href=\"http:\/\/jaasudet.fi\/?page_id=2594\">TAITOLUISTELIJOIDEN HALLITUKSEN YHTEYSTIEDOT<\/a><\/strong><\/p>\n","protected":false},"excerpt":{"rendered":"<p>Uudet luistelijat tervetuloa mukaan maanantaisin; alkujumppa 16.30-17.00 ja j\u00e4\u00e4 17.15-18.00. Lis\u00e4tietoja miiatoivanen59@gmail.com Taitoluistelijoita tukemassa kaudella 2023-2024:&#8211; Annalakodit Oy, Hoitokoti Annala Oy&#8211; Sisustus Laukkanen Oy&#8211; Mirotex&#8211; Kuljetus J. Hirvonen&#8211; LVI-Bioneerit Oy&#8211; ODDY Tech&#8211; Pro-Pinnoitus&#8211; Kiteen Tapetti ja Maalausty\u00f6 Ky&#8211; Bio10&#8211; Ilomantsin &hellip; <a href=\"https:\/\/jaasudet.fi\/?page_id=19\">Lue loppuun <span class=\"meta-nav\">&rarr;<\/span><\/a><\/p>\n","protected":false},"author":1,"featured_media":0,"parent":0,"menu_order":6,"comment_status":"closed","ping_status":"closed","template":"onecolumn-page.php","meta":{"ngg_post_thumbnail":0,"footnotes":""},"class_list":["post-19","page","type-page","status-publish","hentry"],"_links":{"self":[{"href":"https:\/\/jaasudet.fi\/index.php?rest_route=\/wp\/v2\/pages\/19","targetHints":{"allow":["GET"]}}],"collection":[{"href":"https:\/\/jaasudet.fi\/index.php?rest_route=\/wp\/v2\/pages"}],"about":[{"href":"https:\/\/jaasudet.fi\/index.php?rest_route=\/wp\/v2\/types\/page"}],"author":[{"embeddable":true,"href":"https:\/\/jaasudet.fi\/index.php?rest_route=\/wp\/v2\/users\/1"}],"replies":[{"embeddable":true,"href":"https:\/\/jaasudet.fi\/index.php?rest_route=%2Fwp%2Fv2%2Fcomments&post=19"}],"version-history":[{"count":23,"href":"https:\/\/jaasudet.fi\/index.php?rest_route=\/wp\/v2\/pages\/19\/revisions"}],"predecessor-version":[{"id":3305,"href":"https:\/\/jaasudet.fi\/index.php?rest_route=\/wp\/v2\/pages\/19\/revisions\/3305"}],"wp:attachment":[{"href":"https:\/\/jaasudet.fi\/index.php?rest_route=%2Fwp%2Fv2%2Fmedia&parent=19"}],"curies":[{"name":"wp","href":"https:\/\/api.w.org\/{rel}","templated":true}]}}