{"id":1538,"date":"2017-09-19T12:35:28","date_gmt":"2017-09-19T09:35:28","guid":{"rendered":"http:\/\/jaasudet.fi\/?page_id=1538"},"modified":"2026-01-21T14:58:57","modified_gmt":"2026-01-21T12:58:57","slug":"g09-juniorit","status":"publish","type":"page","link":"https:\/\/jaasudet.fi\/?page_id=1538","title":{"rendered":"U15-juniorit"},"content":{"rendered":"<div class=\"wp-block-image\">\n<figure class=\"aligncenter size-large\"><img loading=\"lazy\" decoding=\"async\" width=\"1024\" height=\"454\" src=\"https:\/\/jaasudet.fi\/wp-content\/uploads\/2026\/01\/U15-1024x454.jpg\" alt=\"\" class=\"wp-image-3368\" srcset=\"https:\/\/jaasudet.fi\/wp-content\/uploads\/2026\/01\/U15-1024x454.jpg 1024w, https:\/\/jaasudet.fi\/wp-content\/uploads\/2026\/01\/U15-300x133.jpg 300w, https:\/\/jaasudet.fi\/wp-content\/uploads\/2026\/01\/U15-150x67.jpg 150w, https:\/\/jaasudet.fi\/wp-content\/uploads\/2026\/01\/U15-768x341.jpg 768w, https:\/\/jaasudet.fi\/wp-content\/uploads\/2026\/01\/U15-1536x681.jpg 1536w, https:\/\/jaasudet.fi\/wp-content\/uploads\/2026\/01\/U15-128x57.jpg 128w, https:\/\/jaasudet.fi\/wp-content\/uploads\/2026\/01\/U15-32x14.jpg 32w, https:\/\/jaasudet.fi\/wp-content\/uploads\/2026\/01\/U15.jpg 2048w\" sizes=\"auto, (max-width: 1024px) 100vw, 1024px\" \/><figcaption class=\"wp-element-caption\"><strong>U15 joukkuekuva 2025-2026.<\/strong><\/figcaption><\/figure>\n<\/div>\n\n\n<p><\/p>\n\n\n\n<p><strong>Valmentaja:<\/strong> Pekka Hyv\u00e4rinen<\/p>\n\n\n\n<p><strong>Valmentaja:<\/strong> Juuso Kuronen<\/p>\n\n\n\n<p><strong>Valmentaja:<\/strong> Jimi Rahunen<\/p>\n\n\n\n<p><strong>Joukkueenjohtaja:<\/strong> Pekka Hyv\u00e4rinen<\/p>\n\n\n\n<p><strong>Huoltaja: <\/strong>Heikki Havurinne<\/p>\n\n\n\n<p><strong>Huoltaja: <\/strong>Raimo Lehmuksela<\/p>\n\n\n\n<p><strong>Rahastonhoitaja:<\/strong> Elvira Ishchuk<\/p>\n\n\n\n<p><strong>Kahviovastaava: <\/strong>Olga Pevkur<\/p>\n\n\n\n<p><strong>Kotiottelut:<br>\n<\/strong><\/p>\n\n\n\n<figure class=\"wp-block-table\"><table><tbody><tr><td>6.9.2025<\/td><td>12:00<\/td><td>J\u00e4\u00e4sudet<\/td><td>KalPa E Black<\/td><\/tr><tr><td>27.9.2025<\/td><td>00:00<\/td><td>J\u00e4\u00e4sudet<\/td><td>KalPa P Yellow<\/td><\/tr><tr><td>28.9.2025<\/td><td>00:00<\/td><td>J\u00e4\u00e4sudet<\/td><td>OoKoo PoU<\/td><\/tr><tr><td>19.10.2025<\/td><td>00:00<\/td><td>J\u00e4\u00e4sudet<\/td><td>Hurtat Punainen<\/td><\/tr><tr><td>25.10.2025<\/td><td>00:00<\/td><td>J\u00e4\u00e4sudet<\/td><td>IPK Black<\/td><\/tr><\/tbody><\/table><\/figure>\n\n\n\n<p><\/p>\n","protected":false},"excerpt":{"rendered":"<p>Valmentaja: Pekka Hyv\u00e4rinen Valmentaja: Juuso Kuronen Valmentaja: Jimi Rahunen Joukkueenjohtaja: Pekka Hyv\u00e4rinen Huoltaja: Heikki Havurinne Huoltaja: Raimo Lehmuksela Rahastonhoitaja: Elvira Ishchuk Kahviovastaava: Olga Pevkur Kotiottelut: 6.9.2025 12:00 J\u00e4\u00e4sudet KalPa E Black 27.9.2025 00:00 J\u00e4\u00e4sudet KalPa P Yellow 28.9.2025 00:00 J\u00e4\u00e4sudet &hellip; <a href=\"https:\/\/jaasudet.fi\/?page_id=1538\">Lue loppuun <span class=\"meta-nav\">&rarr;<\/span><\/a><\/p>\n","protected":false},"author":4,"featured_media":0,"parent":8,"menu_order":2,"comment_status":"closed","ping_status":"closed","template":"onecolumn-page.php","meta":{"ngg_post_thumbnail":0,"footnotes":""},"class_list":["post-1538","page","type-page","status-publish","hentry"],"_links":{"self":[{"href":"https:\/\/jaasudet.fi\/index.php?rest_route=\/wp\/v2\/pages\/1538","targetHints":{"allow":["GET"]}}],"collection":[{"href":"https:\/\/jaasudet.fi\/index.php?rest_route=\/wp\/v2\/pages"}],"about":[{"href":"https:\/\/jaasudet.fi\/index.php?rest_route=\/wp\/v2\/types\/page"}],"author":[{"embeddable":true,"href":"https:\/\/jaasudet.fi\/index.php?rest_route=\/wp\/v2\/users\/4"}],"replies":[{"embeddable":true,"href":"https:\/\/jaasudet.fi\/index.php?rest_route=%2Fwp%2Fv2%2Fcomments&post=1538"}],"version-history":[{"count":45,"href":"https:\/\/jaasudet.fi\/index.php?rest_route=\/wp\/v2\/pages\/1538\/revisions"}],"predecessor-version":[{"id":3369,"href":"https:\/\/jaasudet.fi\/index.php?rest_route=\/wp\/v2\/pages\/1538\/revisions\/3369"}],"up":[{"embeddable":true,"href":"https:\/\/jaasudet.fi\/index.php?rest_route=\/wp\/v2\/pages\/8"}],"wp:attachment":[{"href":"https:\/\/jaasudet.fi\/index.php?rest_route=%2Fwp%2Fv2%2Fmedia&parent=1538"}],"curies":[{"name":"wp","href":"https:\/\/api.w.org\/{rel}","templated":true}]}}